{"id":3085,"date":"2023-08-03T11:26:57","date_gmt":"2023-08-03T11:26:57","guid":{"rendered":"http:\/\/mehocaserveis.com\/repairs-renovations-redecoration\/"},"modified":"2023-08-14T17:17:42","modified_gmt":"2023-08-14T17:17:42","slug":"repairs-renovations-redecoration","status":"publish","type":"page","link":"https:\/\/mehocaserveis.com\/es\/repairs-renovations-redecoration\/","title":{"rendered":"Reparaciones, reformas y redecoraci\u00f3n"},"content":{"rendered":"[vc_row type=\u00bbfull_width_content\u00bb full_screen_row_position=\u00bbmiddle\u00bb column_margin=\u00bbnone\u00bb equal_height=\u00bbyes\u00bb content_placement=\u00bbmiddle\u00bb column_direction=\u00bbdefault\u00bb column_direction_tablet=\u00bbdefault\u00bb column_direction_phone=\u00bbdefault\u00bb bg_color=\u00bbrgba(106,191,165,0.14)\u00bb scene_position=\u00bbcenter\u00bb top_padding=\u00bb2%\u00bb bottom_padding=\u00bb2%\u00bb text_color=\u00bbdark\u00bb text_align=\u00bbleft\u00bb row_border_radius=\u00bbnone\u00bb row_border_radius_applies=\u00bbbg\u00bb overflow=\u00bbhidden\u00bb overlay_strength=\u00bb0.3&#8243; gradient_direction=\u00bbleft_to_right\u00bb shape_divider_position=\u00bbbottom\u00bb bg_image_animation=\u00bbnone\u00bb gradient_type=\u00bbdefault\u00bb shape_type=\u00bb\u00bb][vc_column top_padding_desktop=\u00bb4vw\u00bb bottom_padding_desktop=\u00bb6vw\u00bb left_padding_desktop=\u00bb7vw\u00bb constrain_group_101=\u00bbyes\u00bb right_padding_desktop=\u00bb7vw\u00bb column_element_direction_desktop=\u00bbdefault\u00bb column_element_spacing=\u00bbdefault\u00bb desktop_text_alignment=\u00bbdefault\u00bb tablet_text_alignment=\u00bbdefault\u00bb phone_text_alignment=\u00bbdefault\u00bb background_color_opacity=\u00bb1&#8243; background_hover_color_opacity=\u00bb1&#8243; column_backdrop_filter=\u00bbnone\u00bb column_shadow=\u00bbnone\u00bb column_border_radius=\u00bbnone\u00bb column_link_target=\u00bb_self\u00bb column_position=\u00bbdefault\u00bb advanced_gradient_angle=\u00bb0&#8243; gradient_direction=\u00bbleft_to_right\u00bb overlay_strength=\u00bb0.8&#8243; width=\u00bb1\/2&#8243; tablet_width_inherit=\u00bbdefault\u00bb animation_type=\u00bbdefault\u00bb bg_image_animation=\u00bbnone\u00bb border_type=\u00bbsimple\u00bb column_border_width=\u00bbnone\u00bb column_border_style=\u00bbsolid\u00bb gradient_type=\u00bbdefault\u00bb column_padding_type=\u00bbadvanced\u00bb][vc_row_inner column_margin=\u00bbnone\u00bb column_direction=\u00bbdefault\u00bb column_direction_tablet=\u00bbdefault\u00bb column_direction_phone=\u00bbdefault\u00bb top_padding=\u00bb5%\u00bb right_padding_desktop=\u00bb10%\u00bb top_padding_tablet=\u00bb8%\u00bb text_align=\u00bbleft\u00bb row_position=\u00bbdefault\u00bb row_position_tablet=\u00bbinherit\u00bb row_position_phone=\u00bbinherit\u00bb overflow=\u00bbvisible\u00bb pointer_events=\u00bball\u00bb][vc_column_inner column_padding=\u00bbno-extra-padding\u00bb column_padding_tablet=\u00bbinherit\u00bb column_padding_phone=\u00bbinherit\u00bb column_padding_position=\u00bball\u00bb column_element_direction_desktop=\u00bbdefault\u00bb column_element_spacing=\u00bb0px\u00bb desktop_text_alignment=\u00bbdefault\u00bb tablet_text_alignment=\u00bbdefault\u00bb phone_text_alignment=\u00bbdefault\u00bb background_color_opacity=\u00bb1&#8243; background_hover_color_opacity=\u00bb1&#8243; column_backdrop_filter=\u00bbnone\u00bb column_shadow=\u00bbnone\u00bb column_border_radius=\u00bbnone\u00bb column_link_target=\u00bb_self\u00bb overflow=\u00bbvisible\u00bb advanced_gradient_angle=\u00bb0&#8243; gradient_direction=\u00bbleft_to_right\u00bb overlay_strength=\u00bb0.3&#8243; width=\u00bb1\/1&#8243; tablet_width_inherit=\u00bbdefault\u00bb animation_type=\u00bbdefault\u00bb bg_image_animation=\u00bbnone\u00bb border_type=\u00bbsimple\u00bb column_border_width=\u00bbnone\u00bb column_border_style=\u00bbsolid\u00bb gradient_type=\u00bbdefault\u00bb column_padding_type=\u00bbdefault\u00bb][nectar_highlighted_text scribble_color=\u00bb#ffce59&#8243; style=\u00bbscribble\u00bb scribble_shape=\u00bbbasic-underline\u00bb scribble_thickness=\u00bbregular\u00bb scribble_speed=\u00bb0s\u00bb scribble_easing=\u00bbease_in_out\u00bb disable_mobile_animation=\u00bbtrue\u00bb custom_font_size=\u00bb40px\u00bb font_size_tablet=\u00bb30px\u00bb font_line_height=\u00bb1.1em\u00bb font_size_phone=\u00bb30px\u00bb]\n<h1>Reparaciones, reformas y redecoraci\u00f3n<\/h1>\n[\/nectar_highlighted_text][divider line_type=\u00bbNo Line\u00bb custom_height=\u00bb20px\u00bb][\/vc_column_inner][\/vc_row_inner][nectar_responsive_text font_size_min=\u00bb16px\u00bb font_size_desktop=\u00bb1.1vw\u00bb font_line_height=\u00bb1.8&#8243;]MeHoCa emplea de forma permanente a un equipo de trabajadores cualificados de primera clase, que pueden encargarse de casi cualquier trabajo de mantenimiento, reparaci\u00f3n o mejor\u00eda necesario.[\/nectar_responsive_text][vc_row_inner column_margin=\u00bbdefault\u00bb column_direction=\u00bbdefault\u00bb column_direction_tablet=\u00bbdefault\u00bb column_direction_phone=\u00bbdefault\u00bb top_padding=\u00bb1.5vw\u00bb text_align=\u00bbleft\u00bb row_position=\u00bbdefault\u00bb row_position_tablet=\u00bbinherit\u00bb row_position_phone=\u00bbinherit\u00bb overflow=\u00bbvisible\u00bb pointer_events=\u00bball\u00bb][vc_column_inner column_padding=\u00bbno-extra-padding\u00bb column_padding_tablet=\u00bbinherit\u00bb column_padding_phone=\u00bbinherit\u00bb column_padding_position=\u00bball\u00bb column_element_direction_desktop=\u00bbhorizontal\u00bb column_element_direction_tablet=\u00bbhorizontal\u00bb column_element_alignment=\u00bbcenter\u00bb column_element_spacing=\u00bb20px\u00bb desktop_text_alignment=\u00bbdefault\u00bb tablet_text_alignment=\u00bbdefault\u00bb phone_text_alignment=\u00bbdefault\u00bb background_color_opacity=\u00bb1&#8243; background_hover_color_opacity=\u00bb1&#8243; column_backdrop_filter=\u00bbnone\u00bb column_shadow=\u00bbnone\u00bb column_border_radius=\u00bbnone\u00bb column_link_target=\u00bb_self\u00bb overflow=\u00bbvisible\u00bb advanced_gradient_angle=\u00bb0&#8243; gradient_direction=\u00bbleft_to_right\u00bb overlay_strength=\u00bb0.3&#8243; width=\u00bb1\/1&#8243; tablet_width_inherit=\u00bbdefault\u00bb animation_type=\u00bbdefault\u00bb bg_image_animation=\u00bbnone\u00bb border_type=\u00bbsimple\u00bb column_border_width=\u00bbnone\u00bb column_border_style=\u00bbsolid\u00bb gradient_type=\u00bbdefault\u00bb column_padding_type=\u00bbdefault\u00bb][vc_column_text]<span class=\"quform-popup-link quform-popup-link-3\" data-unique-id=\"337dfd\">\n[nectar_cta btn_style=\u00bbarrow-animation\u00bb heading_tag=\u00bbh6&#8243; text_color=\u00bb#fff\u00bb button_color=\u00bbaccent-color\u00bb button_color_hover=\u00bb#36A9E1&#8243; button_border_color_hover=\u00bb#36A9E1&#8243; button_border_thickness=\u00bb0px\u00bb link_type=\u00bbregular\u00bb alignment=\u00bbleft\u00bb alignment_tablet=\u00bbdefault\u00bb alignment_phone=\u00bbdefault\u00bb constrain_group_3=\u00bbyes\u00bb constrain_group_4=\u00bbyes\u00bb display=\u00bbblock\u00bb display_tablet=\u00bbinherit\u00bb display_phone=\u00bbinherit\u00bb link_text=\u00bbCont\u00e1ctanos\u00bb margin_top=\u00bb-15&#8243; padding_top=\u00bb15&#8243; padding_bottom=\u00bb15&#8243; padding_left=\u00bb40&#8243; padding_right=\u00bb40&#8243;]<\/span><div class=\"quform-popup\"><div id=\"quform-337dfd\" class=\"quform quform-3 quform-support-page-caching\"><form id=\"quform-form-337dfd\" class=\"quform-form quform-form-3\" action=\"\/es\/wp-json\/wp\/v2\/pages\/3085#quform-337dfd\" method=\"post\" enctype=\"multipart\/form-data\" novalidate=\"novalidate\" data-options=\"{&quot;id&quot;:3,&quot;uniqueId&quot;:&quot;337dfd&quot;,&quot;theme&quot;:&quot;&quot;,&quot;ajax&quot;:true,&quot;logic&quot;:{&quot;logic&quot;:[],&quot;dependents&quot;:[],&quot;elementIds&quot;:[],&quot;dependentElementIds&quot;:[],&quot;animate&quot;:true},&quot;currentPageId&quot;:1,&quot;errorsIcon&quot;:&quot;&quot;,&quot;updateFancybox&quot;:true,&quot;hasPages&quot;:false,&quot;pages&quot;:[1],&quot;pageProgressType&quot;:&quot;numbers&quot;,&quot;tooltipsEnabled&quot;:true,&quot;tooltipClasses&quot;:&quot;qtip-quform-dark qtip-shadow&quot;,&quot;tooltipMy&quot;:&quot;left center&quot;,&quot;tooltipAt&quot;:&quot;right center&quot;,&quot;isRtl&quot;:false,&quot;scrollOffset&quot;:-50,&quot;scrollSpeed&quot;:800}\"><button class=\"quform-default-submit\" name=\"quform_submit\" type=\"submit\" value=\"submit\" aria-hidden=\"true\" tabindex=\"-1\"><\/button><div class=\"quform-form-inner quform-form-inner-3\"><input type=\"hidden\" name=\"quform_form_id\" value=\"3\" \/><input type=\"hidden\" name=\"quform_form_uid\" value=\"337dfd\" \/><input type=\"hidden\" name=\"quform_count\" value=\"1\" \/><input type=\"hidden\" name=\"form_url\" value=\"https:\/\/mehocaserveis.com\/es\/wp-json\/wp\/v2\/pages\/3085\" \/><input type=\"hidden\" name=\"referring_url\" value=\"\" \/><input type=\"hidden\" name=\"post_id\" value=\"\" \/><input type=\"hidden\" name=\"post_title\" value=\"\" \/><input type=\"hidden\" name=\"quform_current_page_id\" value=\"1\" \/><input type=\"hidden\" name=\"quform_csrf_token\" value=\"qkW03Qx8NleLpjT7ai4sTJAbbyzcjCG9sqYTh0Wr\" \/><div class=\"quform-elements quform-elements-3 quform-cf quform-responsive-elements-phone-landscape\"><div class=\"quform-element quform-element-page quform-page-1 quform-page-3_1 quform-cf quform-group-style-plain quform-first-page quform-last-page quform-current-page\"><div class=\"quform-child-elements\"><div class=\"quform-element quform-element-html quform-element-3_8 quform-cf\"><div class=\"quform-spacer\"><div style=\"color: #000; font-size: 20px; margin-bottom: 20px; padding-right: 20px;\">Informaci\u00f3n y cita para <\/div><\/div><\/div><div class=\"quform-element quform-element-text quform-element-3_3 quform-cf quform-labels-inside quform-element-required\"><div class=\"quform-spacer\"><div class=\"quform-label quform-label-3_3\"><label class=\"quform-label-text\" for=\"quform_3_3_337dfd\">Tu nombre<span class=\"quform-required\">*<\/span><\/label><\/div><div class=\"quform-inner quform-inner-text quform-inner-3_3 quform-field-size-fat\"><div class=\"quform-input quform-input-text quform-input-3_3 quform-cf\"><input type=\"text\" id=\"quform_3_3_337dfd\" name=\"quform_3_3\" class=\"quform-field quform-field-text quform-field-3_3\" \/><\/div><\/div><\/div><\/div><div class=\"quform-element quform-element-email quform-element-3_5 quform-cf quform-labels-inside quform-element-required\"><div class=\"quform-spacer\"><div class=\"quform-label quform-label-3_5\"><label class=\"quform-label-text\" for=\"quform_3_5_337dfd\">Tu email<span class=\"quform-required\">*<\/span><\/label><\/div><div class=\"quform-inner quform-inner-email quform-inner-3_5 quform-field-size-fat\"><div class=\"quform-input quform-input-email quform-input-3_5 quform-cf\"><input type=\"email\" id=\"quform_3_5_337dfd\" name=\"quform_3_5\" class=\"quform-field quform-field-email quform-field-3_5\" \/><\/div><\/div><\/div><\/div><div class=\"quform-element quform-element-text quform-element-3_4 quform-cf quform-labels-inside quform-element-required\"><div class=\"quform-spacer\"><div class=\"quform-label quform-label-3_4\"><label class=\"quform-label-text\" for=\"quform_3_4_337dfd\">Tel\u00e9fono \/ WhatsApp<span class=\"quform-required\">*<\/span><\/label><\/div><div class=\"quform-inner quform-inner-text quform-inner-3_4 quform-field-size-fat\"><div class=\"quform-input quform-input-text quform-input-3_4 quform-cf\"><input type=\"text\" id=\"quform_3_4_337dfd\" name=\"quform_3_4\" class=\"quform-field quform-field-text quform-field-3_4\" \/><\/div><\/div><\/div><\/div><div class=\"quform-element quform-element-checkbox quform-element-3_6 quform-cf quform-element-required\"><div class=\"quform-spacer\"><div class=\"quform-inner quform-inner-checkbox quform-inner-3_6 quform-field-size-fat\"><div class=\"quform-input quform-input-checkbox quform-input-3_6 quform-cf\"><div class=\"quform-options quform-cf quform-options-block quform-options-simple\"><div class=\"quform-option\"><input type=\"checkbox\" name=\"quform_3_6[]\" id=\"quform_3_6_337dfd_1\" class=\"quform-field quform-field-checkbox quform-field-3_6 quform-field-3_6_1\" value=\"Acepto &lt;a href=&quot;#&quot;&gt;&lt;strong&gt;la Pol\u00edtica de Privacidad&lt;\/strong&gt;&lt;\/a&gt;.\" \/><label for=\"quform_3_6_337dfd_1\" class=\"quform-option-label quform-option-label-3_6_1\"><span class=\"quform-option-text\">Acepto <a href=\"#\"><strong>la Pol\u00edtica de Privacidad<\/strong><\/a>.<\/span><\/label><\/div><\/div><\/div><\/div><\/div><\/div><div class=\"quform-element quform-element-recaptcha quform-element-3_7 quform-cf quform-element-required quform-recaptcha-no-size\"><div class=\"quform-spacer\"><div class=\"quform-inner quform-inner-recaptcha quform-inner-3_7 quform-field-size-fat\"><div class=\"quform-input quform-input-recaptcha quform-input-3_7 quform-cf\"><div class=\"quform-recaptcha\" data-config=\"{&quot;sitekey&quot;:&quot;6Lc303AjAAAAAMa5vs4jB_m1Dddrm_q7jZBnJxbq&quot;,&quot;_version&quot;:&quot;v3&quot;,&quot;size&quot;:&quot;invisible&quot;,&quot;type&quot;:&quot;image&quot;,&quot;theme&quot;:&quot;light&quot;,&quot;badge&quot;:&quot;bottomright&quot;}\"><\/div><noscript>Please enable JavaScript to submit this form.<\/noscript><\/div><\/div><\/div><\/div><div class=\"quform-element quform-element-submit quform-element-3_2 quform-cf quform-button-style-theme quform-button-size-huge quform-button-width-full\"><div class=\"quform-button-submit quform-button-submit-default quform-button-submit-3_2 quform-button-icon-right\"><button name=\"quform_submit\" type=\"submit\" class=\"quform-submit\" value=\"submit\"><span class=\"quform-button-text quform-button-submit-text\">Reservar mi cita AQU\u00cd<\/span><span class=\"quform-button-icon quform-button-submit-icon\"><i class=\"fa fa-calendar-check-o\"><\/i><\/span><\/button><\/div><div class=\"quform-loading quform-loading-position-left quform-loading-type-spinner-1\"><div class=\"quform-loading-inner\"><div class=\"quform-loading-spinner\"><div class=\"quform-loading-spinner-inner\"><\/div><\/div><\/div><\/div><\/div><div class=\"quform-element-tree\"><label for=\"quform_3_0_337dfd\">This field should be left blank<\/label><input type=\"text\" id=\"quform_3_0_337dfd\" name=\"quform_3_0\" class=\"quform-field quform-field-tree quform-field-3_0\" tabindex=\"-1\" autocomplete=\"off\" \/><\/div><\/div><\/div><\/div><\/div><\/form><\/div><\/div>[\/vc_column_text][\/vc_column_inner][\/vc_row_inner][\/vc_column][vc_column right_padding_desktop=\u00bb7vw\u00bb top_padding_tablet=\u00bb30&#8243; left_padding_tablet=\u00bb7vw\u00bb constrain_group_103=\u00bbyes\u00bb right_padding_tablet=\u00bb7vw\u00bb column_element_direction_desktop=\u00bbdefault\u00bb column_element_spacing=\u00bb0px\u00bb desktop_text_alignment=\u00bbdefault\u00bb tablet_text_alignment=\u00bbdefault\u00bb phone_text_alignment=\u00bbdefault\u00bb background_color_opacity=\u00bb1&#8243; background_hover_color_opacity=\u00bb1&#8243; column_backdrop_filter=\u00bbnone\u00bb column_shadow=\u00bbnone\u00bb column_border_radius=\u00bbnone\u00bb column_link_target=\u00bb_self\u00bb column_position=\u00bbrelative\u00bb advanced_gradient_angle=\u00bb180&#8243; width=\u00bb1\/2&#8243; tablet_width_inherit=\u00bbdefault\u00bb animation_type=\u00bbdefault\u00bb bg_image_animation=\u00bbnone\u00bb border_type=\u00bbsimple\u00bb column_border_width=\u00bbnone\u00bb column_border_style=\u00bbsolid\u00bb gradient_type=\u00bbadvanced\u00bb advanced_gradient_display_type=\u00bblinear\u00bb column_padding_type=\u00bbadvanced\u00bb][vc_row_inner column_margin=\u00bbdefault\u00bb column_direction=\u00bbdefault\u00bb column_direction_tablet=\u00bbdefault\u00bb column_direction_phone=\u00bbdefault\u00bb text_align=\u00bbleft\u00bb row_position=\u00bbdefault\u00bb row_position_tablet=\u00bbinherit\u00bb row_position_phone=\u00bbinherit\u00bb overflow=\u00bbvisible\u00bb pointer_events=\u00bball\u00bb][vc_column_inner column_padding=\u00bbno-extra-padding\u00bb column_padding_tablet=\u00bbinherit\u00bb column_padding_phone=\u00bbinherit\u00bb column_padding_position=\u00bball\u00bb column_element_direction_desktop=\u00bbdefault\u00bb column_element_spacing=\u00bbdefault\u00bb desktop_text_alignment=\u00bbdefault\u00bb tablet_text_alignment=\u00bbdefault\u00bb phone_text_alignment=\u00bbdefault\u00bb background_color_opacity=\u00bb1&#8243; background_hover_color_opacity=\u00bb1&#8243; column_backdrop_filter=\u00bbnone\u00bb column_shadow=\u00bbnone\u00bb column_border_radius=\u00bb20px\u00bb column_link_target=\u00bb_self\u00bb overflow=\u00bbhidden\u00bb gradient_direction=\u00bbleft_to_right\u00bb overlay_strength=\u00bb0.3&#8243; width=\u00bb1\/1&#8243; tablet_width_inherit=\u00bbdefault\u00bb animation_type=\u00bbdefault\u00bb bg_image_animation=\u00bbnone\u00bb border_type=\u00bbsimple\u00bb column_border_width=\u00bbnone\u00bb column_border_style=\u00bbsolid\u00bb gradient_type=\u00bbdefault\u00bb column_padding_type=\u00bbdefault\u00bb][image_with_animation image_url=\u00bb2967&#8243; image_size=\u00bbfull\u00bb animation_type=\u00bblooped\u00bb loop_animation=\u00bbnone\u00bb animation_movement_type=\u00bbtransform_y\u00bb hover_animation=\u00bbnone\u00bb alignment=\u00bbcenter\u00bb border_radius=\u00bbnone\u00bb image_loading=\u00bbskip-lazy-load\u00bb max_width=\u00bb100%\u00bb max_width_mobile=\u00bbdefault\u00bb][\/vc_column_inner][\/vc_row_inner][\/vc_column][\/vc_row][vc_row type=\u00bbfull_width_background\u00bb full_screen_row_position=\u00bbmiddle\u00bb column_margin=\u00bb20px\u00bb column_direction=\u00bbdefault\u00bb column_direction_tablet=\u00bbdefault\u00bb column_direction_phone=\u00bbdefault\u00bb bg_color=\u00bb#ffffff\u00bb scene_position=\u00bbcenter\u00bb bottom_padding=\u00bb6%\u00bb text_color=\u00bbdark\u00bb text_align=\u00bbleft\u00bb row_border_radius=\u00bbnone\u00bb row_border_radius_applies=\u00bbbg\u00bb overflow=\u00bbvisible\u00bb id=\u00bbservices\u00bb overlay_strength=\u00bb0.3&#8243; gradient_direction=\u00bbleft_to_right\u00bb shape_divider_position=\u00bbbottom\u00bb bg_image_animation=\u00bbnone\u00bb shape_type=\u00bb\u00bb gradient_type=\u00bbdefault\u00bb][vc_column column_padding=\u00bbno-extra-padding\u00bb column_padding_tablet=\u00bbinherit\u00bb column_padding_phone=\u00bbinherit\u00bb column_padding_position=\u00bball\u00bb column_element_direction_desktop=\u00bbdefault\u00bb column_element_spacing=\u00bbdefault\u00bb desktop_text_alignment=\u00bbdefault\u00bb tablet_text_alignment=\u00bbdefault\u00bb phone_text_alignment=\u00bbdefault\u00bb background_color_opacity=\u00bb1&#8243; background_hover_color_opacity=\u00bb1&#8243; column_backdrop_filter=\u00bbnone\u00bb column_shadow=\u00bbnone\u00bb column_border_radius=\u00bbnone\u00bb column_link_target=\u00bb_self\u00bb column_position=\u00bbdefault\u00bb gradient_direction=\u00bbleft_to_right\u00bb overlay_strength=\u00bb0.3&#8243; width=\u00bb1\/1&#8243; tablet_width_inherit=\u00bbdefault\u00bb animation_type=\u00bbdefault\u00bb bg_image_animation=\u00bbnone\u00bb border_type=\u00bbsimple\u00bb column_border_width=\u00bbnone\u00bb column_border_style=\u00bbsolid\u00bb][divider line_type=\u00bbNo Line\u00bb custom_height=\u00bb70px\u00bb][nectar_responsive_text font_size_min=\u00bb16px\u00bb font_size_desktop=\u00bb1.1vw\u00bb font_line_height=\u00bb1.8&#8243; max_width=\u00bb1100px\u00bb]Esto incluye carpinter\u00eda, fontaner\u00eda, electricidad, construcci\u00f3n, enyesado, embaldosado, revestimiento de techos, calefacci\u00f3n, instalaci\u00f3n de aire acondicionado, \u00a1y m\u00e1s! Cuando sea requerido, tambi\u00e9n podemos acudir al panel cuidadosamente seleccionado de empresas respetables con las que nos asociamos, contratados para proporcionar servicios adicionales a los clientes de MeHoCa. En relaci\u00f3n a trabajos de mejor\u00eda de la propiedad (instalaci\u00f3n de ventanas nuevas, persianas, p\u00e9rgolas, terrazas, redecoraci\u00f3n, etc.), podemos obtener presupuestos y realizar los pagos en su nombre.<\/p>\n<p>Desde colgar un cuadro hasta grandes reformas y la construcci\u00f3n de una nueva ampliaci\u00f3n \u2013 pueden confiar en la calidad, fiabilidad y cuidado de nuestro trabajo.<\/p>\n<p>Tambi\u00e9n, si necesitara muebles, nuevos textiles, equipamientos del hogar o de jard\u00edn, estos elementos se podr\u00edan obtener y comprar en su nombre.[\/nectar_responsive_text][divider line_type=\u00bbNo Line\u00bb custom_height=\u00bb40px\u00bb][\/vc_column][\/vc_row]\n","protected":false},"excerpt":{"rendered":"<p>[vc_row type=\u00bbfull_width_content\u00bb full_screen_row_position=\u00bbmiddle\u00bb column_margin=\u00bbnone\u00bb equal_height=\u00bbyes\u00bb content_placement=\u00bbmiddle\u00bb column_direction=\u00bbdefault\u00bb column_direction_tablet=\u00bbdefault\u00bb column_direction_phone=\u00bbdefault\u00bb bg_color=\u00bbrgba(106,191,165,0.14)\u00bb scene_position=\u00bbcenter\u00bb top_padding=\u00bb2%\u00bb bottom_padding=\u00bb2%\u00bb text_color=\u00bbdark\u00bb text_align=\u00bbleft\u00bb row_border_radius=\u00bbnone\u00bb row_border_radius_applies=\u00bbbg\u00bb overflow=\u00bbhidden\u00bb overlay_strength=\u00bb0.3&#8243; gradient_direction=\u00bbleft_to_right\u00bb shape_divider_position=\u00bbbottom\u00bb bg_image_animation=\u00bbnone\u00bb gradient_type=\u00bbdefault\u00bb shape_type=\u00bb\u00bb][vc_column top_padding_desktop=\u00bb4vw\u00bb bottom_padding_desktop=\u00bb6vw\u00bb left_padding_desktop=\u00bb7vw\u00bb constrain_group_101=\u00bbyes\u00bb right_padding_desktop=\u00bb7vw\u00bb column_element_direction_desktop=\u00bbdefault\u00bb&#8230;<\/p>\n","protected":false},"author":3,"featured_media":0,"parent":0,"menu_order":0,"comment_status":"closed","ping_status":"closed","template":"","meta":{"inline_featured_image":false,"footnotes":""},"class_list":["post-3085","page","type-page","status-publish"],"_links":{"self":[{"href":"https:\/\/mehocaserveis.com\/es\/wp-json\/wp\/v2\/pages\/3085","targetHints":{"allow":["GET"]}}],"collection":[{"href":"https:\/\/mehocaserveis.com\/es\/wp-json\/wp\/v2\/pages"}],"about":[{"href":"https:\/\/mehocaserveis.com\/es\/wp-json\/wp\/v2\/types\/page"}],"author":[{"embeddable":true,"href":"https:\/\/mehocaserveis.com\/es\/wp-json\/wp\/v2\/users\/3"}],"replies":[{"embeddable":true,"href":"https:\/\/mehocaserveis.com\/es\/wp-json\/wp\/v2\/comments?post=3085"}],"version-history":[{"count":1,"href":"https:\/\/mehocaserveis.com\/es\/wp-json\/wp\/v2\/pages\/3085\/revisions"}],"predecessor-version":[{"id":3086,"href":"https:\/\/mehocaserveis.com\/es\/wp-json\/wp\/v2\/pages\/3085\/revisions\/3086"}],"wp:attachment":[{"href":"https:\/\/mehocaserveis.com\/es\/wp-json\/wp\/v2\/media?parent=3085"}],"curies":[{"name":"wp","href":"https:\/\/api.w.org\/{rel}","templated":true}]}}