{"id":3185,"date":"2023-08-08T23:03:26","date_gmt":"2023-08-08T23:03:26","guid":{"rendered":"http:\/\/mehocaserveis.com\/general-conditions-of-website-use\/"},"modified":"2023-08-14T18:39:26","modified_gmt":"2023-08-14T18:39:26","slug":"general-conditions-of-website-use","status":"publish","type":"page","link":"https:\/\/mehocaserveis.com\/es\/general-conditions-of-website-use\/","title":{"rendered":"Condiciones Generales de Uso del Sitio Web"},"content":{"rendered":"[vc_row type=\u00bbfull_width_content\u00bb full_screen_row_position=\u00bbmiddle\u00bb column_margin=\u00bbnone\u00bb equal_height=\u00bbyes\u00bb content_placement=\u00bbmiddle\u00bb column_direction=\u00bbdefault\u00bb column_direction_tablet=\u00bbdefault\u00bb column_direction_phone=\u00bbdefault\u00bb bg_color=\u00bbrgba(106,191,165,0.14)\u00bb scene_position=\u00bbcenter\u00bb top_padding=\u00bb2%\u00bb bottom_padding=\u00bb2%\u00bb text_color=\u00bbdark\u00bb text_align=\u00bbcenter\u00bb row_border_radius=\u00bbnone\u00bb row_border_radius_applies=\u00bbbg\u00bb overflow=\u00bbhidden\u00bb overlay_strength=\u00bb0.3&#8243; gradient_direction=\u00bbleft_to_right\u00bb shape_divider_position=\u00bbbottom\u00bb bg_image_animation=\u00bbnone\u00bb gradient_type=\u00bbdefault\u00bb shape_type=\u00bb\u00bb][vc_column top_padding_desktop=\u00bb4vw\u00bb bottom_padding_desktop=\u00bb6vw\u00bb left_padding_desktop=\u00bb7vw\u00bb constrain_group_101=\u00bbyes\u00bb right_padding_desktop=\u00bb7vw\u00bb column_element_direction_desktop=\u00bbdefault\u00bb column_element_spacing=\u00bbdefault\u00bb desktop_text_alignment=\u00bbdefault\u00bb tablet_text_alignment=\u00bbdefault\u00bb phone_text_alignment=\u00bbdefault\u00bb background_color_opacity=\u00bb1&#8243; background_hover_color_opacity=\u00bb1&#8243; column_backdrop_filter=\u00bbnone\u00bb column_shadow=\u00bbnone\u00bb column_border_radius=\u00bbnone\u00bb column_link_target=\u00bb_self\u00bb column_position=\u00bbdefault\u00bb advanced_gradient_angle=\u00bb0&#8243; gradient_direction=\u00bbleft_to_right\u00bb overlay_strength=\u00bb0.8&#8243; width=\u00bb1\/1&#8243; tablet_width_inherit=\u00bbdefault\u00bb animation_type=\u00bbdefault\u00bb bg_image_animation=\u00bbnone\u00bb border_type=\u00bbsimple\u00bb column_border_width=\u00bbnone\u00bb column_border_style=\u00bbsolid\u00bb gradient_type=\u00bbdefault\u00bb column_padding_type=\u00bbadvanced\u00bb][vc_row_inner column_margin=\u00bbnone\u00bb column_direction=\u00bbdefault\u00bb column_direction_tablet=\u00bbdefault\u00bb column_direction_phone=\u00bbdefault\u00bb top_padding=\u00bb5%\u00bb right_padding_desktop=\u00bb10%\u00bb top_padding_tablet=\u00bb8%\u00bb text_align=\u00bbleft\u00bb row_position=\u00bbdefault\u00bb row_position_tablet=\u00bbinherit\u00bb row_position_phone=\u00bbinherit\u00bb overflow=\u00bbvisible\u00bb pointer_events=\u00bball\u00bb][vc_column_inner column_padding=\u00bbno-extra-padding\u00bb column_padding_tablet=\u00bbinherit\u00bb column_padding_phone=\u00bbinherit\u00bb column_padding_position=\u00bball\u00bb column_element_direction_desktop=\u00bbdefault\u00bb column_element_spacing=\u00bb0px\u00bb desktop_text_alignment=\u00bbdefault\u00bb tablet_text_alignment=\u00bbdefault\u00bb phone_text_alignment=\u00bbdefault\u00bb background_color_opacity=\u00bb1&#8243; background_hover_color_opacity=\u00bb1&#8243; column_backdrop_filter=\u00bbnone\u00bb column_shadow=\u00bbnone\u00bb column_border_radius=\u00bbnone\u00bb column_link_target=\u00bb_self\u00bb overflow=\u00bbvisible\u00bb advanced_gradient_angle=\u00bb0&#8243; gradient_direction=\u00bbleft_to_right\u00bb overlay_strength=\u00bb0.3&#8243; width=\u00bb1\/1&#8243; tablet_width_inherit=\u00bbdefault\u00bb animation_type=\u00bbdefault\u00bb bg_image_animation=\u00bbnone\u00bb border_type=\u00bbsimple\u00bb column_border_width=\u00bbnone\u00bb column_border_style=\u00bbsolid\u00bb gradient_type=\u00bbdefault\u00bb column_padding_type=\u00bbdefault\u00bb][nectar_highlighted_text scribble_color=\u00bb#ffce59&#8243; style=\u00bbscribble\u00bb scribble_shape=\u00bbbasic-underline\u00bb scribble_thickness=\u00bbregular\u00bb scribble_speed=\u00bb0s\u00bb scribble_easing=\u00bbease_in_out\u00bb disable_mobile_animation=\u00bbtrue\u00bb custom_font_size=\u00bb40px\u00bb font_size_tablet=\u00bb30px\u00bb font_line_height=\u00bb1.1em\u00bb font_size_phone=\u00bb30px\u00bb]\n<h1>Condiciones Generales de Uso del Sitio Web<\/h1>\n[\/nectar_highlighted_text][divider line_type=\u00bbNo Line\u00bb custom_height=\u00bb20px\u00bb][\/vc_column_inner][\/vc_row_inner][\/vc_column][\/vc_row][vc_row type=\u00bbin_container\u00bb full_screen_row_position=\u00bbmiddle\u00bb column_margin=\u00bbdefault\u00bb column_direction=\u00bbdefault\u00bb column_direction_tablet=\u00bbdefault\u00bb column_direction_phone=\u00bbdefault\u00bb scene_position=\u00bbcenter\u00bb text_color=\u00bbdark\u00bb text_align=\u00bbleft\u00bb row_border_radius=\u00bbnone\u00bb row_border_radius_applies=\u00bbbg\u00bb overflow=\u00bbvisible\u00bb overlay_strength=\u00bb0.3&#8243; gradient_direction=\u00bbleft_to_right\u00bb shape_divider_position=\u00bbbottom\u00bb bg_image_animation=\u00bbnone\u00bb][vc_column column_padding=\u00bbno-extra-padding\u00bb column_padding_tablet=\u00bbinherit\u00bb column_padding_phone=\u00bbinherit\u00bb column_padding_position=\u00bball\u00bb column_element_direction_desktop=\u00bbdefault\u00bb column_element_spacing=\u00bbdefault\u00bb desktop_text_alignment=\u00bbdefault\u00bb tablet_text_alignment=\u00bbdefault\u00bb phone_text_alignment=\u00bbdefault\u00bb background_color_opacity=\u00bb1&#8243; background_hover_color_opacity=\u00bb1&#8243; column_backdrop_filter=\u00bbnone\u00bb column_shadow=\u00bbnone\u00bb column_border_radius=\u00bbnone\u00bb column_link_target=\u00bb_self\u00bb column_position=\u00bbdefault\u00bb gradient_direction=\u00bbleft_to_right\u00bb overlay_strength=\u00bb0.3&#8243; width=\u00bb1\/1&#8243; tablet_width_inherit=\u00bbdefault\u00bb animation_type=\u00bbdefault\u00bb bg_image_animation=\u00bbnone\u00bb border_type=\u00bbsimple\u00bb column_border_width=\u00bbnone\u00bb column_border_style=\u00bbsolid\u00bb][divider line_type=\u00bbNo Line\u00bb custom_height=\u00bb60px\u00bb][vc_column_text]\n<div class=\"row\">\n<h4>Datos de Identificaci\u00f3n<\/h4>\n<p>Conforme a las obligaciones de informe contenidas en el art\u00edculo 10 de la Ley 34\/2002, de 11 de julio, de los Servicios de la Sociedad de la Informaci\u00f3n y del Comercio Electr\u00f3nico, se proporciona la siguiente informaci\u00f3n a todos los usuarios de este sitio web:<\/p>\n<p>Nombre de la Compa\u00f1\u00eda: MeHoCa Serveis S.L.<\/p>\n<p>Direcci\u00f3n de la Compa\u00f1\u00eda: Calle de ses Voltes, 11-12, Pol\u00edgono Industrial, 07710 Sant Llu\u00eds, Menorca, Islas Baleares, Espa\u00f1a<\/p>\n<p>Tel\u00e9fono: +34 971 151 591 Fax: +34 971 156 759<\/p>\n<p>CIF: B57222770<\/p>\n<p>Correo Electr\u00f3nico: <a href=\"mailto:info@mehocaserveis.com\" target=\"_new\" rel=\"noopener\">info@mehocaserveis.com<\/a><\/p>\n<h4>Definici\u00f3n del Sitio Web<\/h4>\n<p>Tenga en cuenta que todas las referencias al \u00absitio web\u00bb incluyen <a href=\"http:\/\/mehocaserveis.com\/\" target=\"_new\" rel=\"noopener\">www.mehocaserveis.com<\/a>, <a href=\"http:\/\/www.menorcahomecare.com\/\" target=\"_new\" rel=\"noopener\">www.menorcahomecare.com<\/a>, <a href=\"http:\/\/www.mehoca.com\/\" target=\"_new\" rel=\"noopener\">www.mehoca.com<\/a> y <a href=\"http:\/\/www.menorcaserveis.es\/\" target=\"_new\" rel=\"noopener\">www.menorcaserveis.es<\/a>.<\/p>\n<h4>Definici\u00f3n de Usuario<\/h4>\n<p>El acceso y\/o uso de este sitio web atribuye la condici\u00f3n de &#8216;usuario&#8217;, quien acepta, a partir de dicho acceso y\/o uso, las Condiciones Generales de Uso del Sitio Web que se enumeran aqu\u00ed. Estas condiciones son independientes de cualquier condiciones generales derivadas de otros contratos entre el usuario y MeHoCa Serveis S.L.<\/p>\n<h4>Uso del Sitio Web<\/h4>\n<p>Este sitio web proporciona acceso a una gran cantidad de informaci\u00f3n, datos y servicios (en adelante \u00abcontenido\u00bb) en Internet de MeHoCa Serveis S.L. a los que el usuario puede acceder. El usuario asume la responsabilidad del uso del sitio web. Esta responsabilidad se extiende al registro necesario para acceder a determinados servicios o contenido. El usuario ser\u00e1 responsable de proporcionar informaci\u00f3n veraz y l\u00edcita. Como resultado de este registro, el usuario proporcionar\u00e1 una contrase\u00f1a de la que ser\u00e1 responsable, comprometi\u00e9ndose a hacer un uso diligente y confidencial de la misma. El usuario se compromete a hacer un uso adecuado del contenido y los servicios que MeHoCa Serveis S.L. ofrece a trav\u00e9s de su sitio web, y, a modo de ejemplo, pero sin limitarse a ello, a abstenerse de (i) llevar a cabo actividades ilegales, contrarias a la buena fe y al orden p\u00fablico; (ii) difundir contenido o propaganda de car\u00e1cter racista, xen\u00f3fobo, pornogr\u00e1fico, ilegal, que fomente el terrorismo o que atente contra los derechos humanos; (iii) causar da\u00f1os en los sistemas f\u00edsicos y l\u00f3gicos de MeHoCa Serveis S.L., sus proveedores o terceras personas, introducir o difundir virus inform\u00e1ticos u otros sistemas f\u00edsicos o l\u00f3gicos que sean capaces de causar los da\u00f1os mencionados; (iv) intentar acceder y, en su caso, utilizar las cuentas de correo electr\u00f3nico de otros usuarios y cambiar o manipular sus mensajes.<\/p>\n<h4>Propiedad Intelectual<\/h4>\n<p>MeHoCa Serveis S.L. es propietario de todos los derechos de propiedad intelectual e industrial de su sitio web, as\u00ed como de los elementos contenidos en el mismo (sin limitarse a im\u00e1genes, sonido, audio, video, software o textos, marcas registradas o logotipos, combinaciones de colores, estructura y dise\u00f1o, selecci\u00f3n de materiales, programas de ordenador necesarios para su funcionamiento, acceso y uso, etc.), propiedad de MeHoCa Serveis S.L. Todos los derechos reservados. De acuerdo con lo dispuesto en los art\u00edculos 8 y 32.1, segundo p\u00e1rrafo, de la Ley de Propiedad Intelectual, se proh\u00edbe expresamente la reproducci\u00f3n, distribuci\u00f3n y comunicaci\u00f3n p\u00fablica, incluido cualquier medio de poner a disposici\u00f3n la totalidad o parte de los contenidos de este sitio web con fines comerciales, en cualquier forma o por cualquier medio t\u00e9cnico, sin autorizaci\u00f3n de MeHoCa Serveis S.L. El usuario se compromete a respetar la propiedad intelectual e industrial de MeHoCa Serveis S.L. El usuario puede ver los elementos del sitio web e incluso imprimir, copiar y almacenarlos en el disco duro de su ordenador u otro hardware, siempre y cuando sea exclusivamente para uso personal y privado. El usuario no deber\u00e1 eliminar, alterar o manipular ning\u00fan dispositivo de protecci\u00f3n o sistema de seguridad que est\u00e9 instalado en las p\u00e1ginas del sitio web.<\/p>\n<h4>Descargo de Responsabilidad<\/h4>\n<p>MeHoCa Serveis S.L. no se hace responsable en ning\u00fan caso de los da\u00f1os de cualquier tipo que puedan causarse, incluidos, entre otros, errores u omisiones en el contenido, falta de disponibilidad del sitio web o transmisi\u00f3n de virus o programas maliciosos o perjudiciales en el contenido, a pesar de haber tomado todas las medidas tecnol\u00f3gicas necesarias para prevenirlo.<\/p>\n<h4>Modificaci\u00f3n del Contenido<\/h4>\n<p>MeHoCa Serveis S.L. se reserva el derecho de realizar cambios no anunciados que considere apropiados en su sitio web. MeHoCa Serveis S.L. puede cambiar, eliminar o agregar contenido y servicios proporcionados, y puede cambiar la forma en que se presentan o se ubican en el sitio web.<\/p>\n<h4>Enlaces<\/h4>\n<p>En caso de que el sitio web enlace con otros sitios de Internet, MeHoCa Serveis S.L. no ejercer\u00e1 ning\u00fan control sobre dichos sitios y su contenido. En ning\u00fan caso, MeHoCa Serveis S.L. asumir\u00e1 ninguna responsabilidad por el contenido de ning\u00fan enlace perteneciente a otro sitio web, ni garantizar\u00e1 la disponibilidad t\u00e9cnica, calidad, fiabilidad, precisi\u00f3n, amplitud, veracidad o legalidad de ning\u00fan material o informaci\u00f3n contenido en dichos enlaces u otros sitios de Internet. Adem\u00e1s, la inclusi\u00f3n de estos enlaces externos no implica ninguna asociaci\u00f3n, fusi\u00f3n o colaboraci\u00f3n con las entidades vinculadas.<\/p>\n<h4>Derechos de Exclusi\u00f3n<\/h4>\n<p>MeHoCa Serveis S.L. se reserva el derecho de negar o retirar el acceso al sitio web y\/o los servicios ofrecidos, sin previo aviso, a aquellos usuarios que violen estas Condiciones Generales de Uso del Sitio Web.<\/p>\n<h4>General<\/h4>\n<p>MeHoCa Serveis S.L. perseguir\u00e1 el incumplimiento de estas condiciones y cualquier uso indebido de su sitio web, ejerciendo todas las acciones civiles y penales que le correspondan por ley.<\/p>\n<h4>Modificaci\u00f3n de las Condiciones de Uso del Sitio Web<\/h4>\n<p>MeHoCa Serveis S.L. podr\u00e1 en cualquier momento modificar las condiciones aqu\u00ed contenidas, debiendo ser debidamente publicadas de la misma forma. Estas condiciones permanecer\u00e1n en vigor como se indican aqu\u00ed y hasta que sean modificadas y debidamente publicadas.<\/p>\n<h4>Legislaci\u00f3n Aplicable y Jurisdicci\u00f3n<\/h4>\n<p>La relaci\u00f3n entre MeHoCa Serveis S.L. y el usuario estar\u00e1 regida por la legislaci\u00f3n espa\u00f1ola vigente y someter\u00e1n cualquier conflicto a los tribunales de las Islas Baleares.<\/p>\n<h4>Protecci\u00f3n de Datos<\/h4>\n<p>MeHoCa Serveis S.L. cumple con las directrices de la Ley Org\u00e1nica 15\/1999, de 13 de diciembre, de Protecci\u00f3n de Datos de Car\u00e1cter Personal, el Real Decreto 1720\/2007, de 21 de diciembre, que aprueba el Reglamento de desarrollo de la Ley Org\u00e1nica y otras regulaciones en todo momento, y busca garantizar el uso y tratamiento adecuado de los datos personales del usuario. Tambi\u00e9n se le informa que el tratamiento dado a sus datos responde \u00fanicamente al prop\u00f3sito para el cual fueron solicitados. En ning\u00fan caso ser\u00e1n transferidos a terceros, excepto cuando se solicite expresamente su autorizaci\u00f3n para la transferencia de datos y se indiquen las organizaciones a las que se va a transferir. Esto es en cumplimiento de la Ley 34\/2002 de 11 de julio, de Servicios de la Sociedad de la Informaci\u00f3n y Comercio Electr\u00f3nico.<\/p>\n<p>Si sus datos est\u00e1n incluidos en un archivo de MeHoCa Serveis S.L., le informamos que puede ejercer sus derechos de acceso, rectificaci\u00f3n y cancelaci\u00f3n de sus datos por correo electr\u00f3nico a la direcci\u00f3n <a href=\"mailto:info@mehocaserveis.com\" target=\"_new\" rel=\"noopener\">info@mehocaserveis.com<\/a> o enviando una carta dirigida a MeHoCa Serveis S.L. Calle de ses Voltes, 11-12, Pol\u00edgono Industrial, 07710 Sant Llu\u00eds, Menorca, Islas Baleares, Espa\u00f1a, a la atenci\u00f3n del Responsable de la Oficina.<\/p>\n<p>Tambi\u00e9n podemos almacenar los siguientes detalles de los visitantes de nuestro sitio web:<\/p>\n<p>El nombre del dominio del proveedor de servicios de Internet (ISP) y\/o la direcci\u00f3n IP a trav\u00e9s de la cual accede a Internet.<\/p>\n<p>La fecha y hora en que se accede a nuestro sitio web.<\/p>\n<p>La direcci\u00f3n de Internet desde la que se proporcion\u00f3 el enlace a nuestro sitio.<\/p>\n<p>Esta informaci\u00f3n obtenida es completamente an\u00f3nima y bajo ninguna circunstancia puede ser asociada con un usuario espec\u00edfico identificado. Por lo tanto, el archivo generado no puede considerarse un archivo que contenga detalles personales.<\/p>\n<\/div>\n[\/vc_column_text][divider line_type=\u00bbNo Line\u00bb custom_height=\u00bb60px\u00bb][\/vc_column][\/vc_row]\n","protected":false},"excerpt":{"rendered":"<p>[vc_row type=\u00bbfull_width_content\u00bb full_screen_row_position=\u00bbmiddle\u00bb column_margin=\u00bbnone\u00bb equal_height=\u00bbyes\u00bb content_placement=\u00bbmiddle\u00bb column_direction=\u00bbdefault\u00bb column_direction_tablet=\u00bbdefault\u00bb column_direction_phone=\u00bbdefault\u00bb bg_color=\u00bbrgba(106,191,165,0.14)\u00bb scene_position=\u00bbcenter\u00bb top_padding=\u00bb2%\u00bb bottom_padding=\u00bb2%\u00bb text_color=\u00bbdark\u00bb text_align=\u00bbcenter\u00bb row_border_radius=\u00bbnone\u00bb row_border_radius_applies=\u00bbbg\u00bb overflow=\u00bbhidden\u00bb overlay_strength=\u00bb0.3&#8243; gradient_direction=\u00bbleft_to_right\u00bb shape_divider_position=\u00bbbottom\u00bb bg_image_animation=\u00bbnone\u00bb gradient_type=\u00bbdefault\u00bb shape_type=\u00bb\u00bb][vc_column top_padding_desktop=\u00bb4vw\u00bb bottom_padding_desktop=\u00bb6vw\u00bb left_padding_desktop=\u00bb7vw\u00bb constrain_group_101=\u00bbyes\u00bb right_padding_desktop=\u00bb7vw\u00bb column_element_direction_desktop=\u00bbdefault\u00bb&#8230;<\/p>\n","protected":false},"author":3,"featured_media":0,"parent":0,"menu_order":0,"comment_status":"closed","ping_status":"closed","template":"","meta":{"inline_featured_image":false,"footnotes":""},"class_list":["post-3185","page","type-page","status-publish"],"_links":{"self":[{"href":"https:\/\/mehocaserveis.com\/es\/wp-json\/wp\/v2\/pages\/3185","targetHints":{"allow":["GET"]}}],"collection":[{"href":"https:\/\/mehocaserveis.com\/es\/wp-json\/wp\/v2\/pages"}],"about":[{"href":"https:\/\/mehocaserveis.com\/es\/wp-json\/wp\/v2\/types\/page"}],"author":[{"embeddable":true,"href":"https:\/\/mehocaserveis.com\/es\/wp-json\/wp\/v2\/users\/3"}],"replies":[{"embeddable":true,"href":"https:\/\/mehocaserveis.com\/es\/wp-json\/wp\/v2\/comments?post=3185"}],"version-history":[{"count":2,"href":"https:\/\/mehocaserveis.com\/es\/wp-json\/wp\/v2\/pages\/3185\/revisions"}],"predecessor-version":[{"id":3187,"href":"https:\/\/mehocaserveis.com\/es\/wp-json\/wp\/v2\/pages\/3185\/revisions\/3187"}],"wp:attachment":[{"href":"https:\/\/mehocaserveis.com\/es\/wp-json\/wp\/v2\/media?parent=3185"}],"curies":[{"name":"wp","href":"https:\/\/api.w.org\/{rel}","templated":true}]}}